{"id":131,"date":"2023-08-13T20:47:17","date_gmt":"2023-08-13T20:47:17","guid":{"rendered":"https:\/\/pudelclub.trendwork.ch\/?page_id=131"},"modified":"2023-10-07T13:58:32","modified_gmt":"2023-10-07T13:58:32","slug":"jahresprogramm-2","status":"publish","type":"page","link":"https:\/\/pudelclub.trendwork.ch\/index.php\/jahresprogramm-2\/","title":{"rendered":"Jahresprogramm 2023"},"content":{"rendered":"<p>[et_pb_section fb_built=&#8220;1&#8243; _builder_version=&#8220;4.22.0&#8243; _module_preset=&#8220;default&#8220; global_colors_info=&#8220;{}&#8220;][et_pb_row column_structure=&#8220;2_5,3_5&#8243; _builder_version=&#8220;4.22.0&#8243; _module_preset=&#8220;default&#8220; module_alignment=&#8220;center&#8220; global_colors_info=&#8220;{}&#8220;][et_pb_column type=&#8220;2_5&#8243; _builder_version=&#8220;4.22.0&#8243; _module_preset=&#8220;default&#8220; global_colors_info=&#8220;{}&#8220;][et_pb_blurb title=&#8220;Jahresprogamm 2023&#8243; image=&#8220;https:\/\/pudelclub.trendwork.ch\/wp-content\/uploads\/2023\/08\/WhatsApp-Image-2022-07-17-at-08.11.12.jpg&#8220; _builder_version=&#8220;4.22.0&#8243; _module_preset=&#8220;default&#8220; width=&#8220;90.2%&#8220; custom_padding=&#8220;|||0px||&#8220; animation=&#8220;off&#8220; global_colors_info=&#8220;{}&#8220;]<\/p>\n<p>Auch dieses Jahr haben wir wieder f\u00fcr unsere Mitglieder ein spannendes Jahresprogramm zusammen gestellt. Wir freuen uns auf die Aktivit\u00e4ten mit unseren Hundefreunden und ihren Vierbeinern. Auch Nicht-Mitglieder k\u00f6nnen mit Bezahlung einer Geb\u00fchr an den Aktivit\u00e4ten teilnehmen.<\/p>\n<p>[\/et_pb_blurb][\/et_pb_column][et_pb_column type=&#8220;3_5&#8243; _builder_version=&#8220;4.22.0&#8243; _module_preset=&#8220;default&#8220; global_colors_info=&#8220;{}&#8220;][et_pb_image src=&#8220;https:\/\/pudelclub.trendwork.ch\/wp-content\/uploads\/2023\/10\/Jahresprogramm-2023-e-pdf.jpg&#8220; title_text=&#8220;Jahresprogramm 2023 e&#8220; _builder_version=&#8220;4.22.0&#8243; _module_preset=&#8220;default&#8220; hover_enabled=&#8220;0&#8243; global_colors_info=&#8220;{}&#8220; url=&#8220;https:\/\/pudelclub.trendwork.ch\/wp-content\/uploads\/2023\/10\/Jahresprogramm-2023-.pdf&#8220; sticky_enabled=&#8220;0&#8243;][\/et_pb_image][\/et_pb_column][\/et_pb_row][\/et_pb_section]<\/p>\n","protected":false},"excerpt":{"rendered":"<p>Auch dieses Jahr haben wir wieder f\u00fcr unsere Mitglieder ein spannendes Jahresprogramm zusammen gestellt. Wir freuen uns auf die Aktivit\u00e4ten mit unseren Hundefreunden und ihren Vierbeinern. Auch Nicht-Mitglieder k\u00f6nnen mit [&hellip;]<\/p>\n","protected":false},"author":1,"featured_media":0,"parent":0,"menu_order":0,"comment_status":"closed","ping_status":"closed","template":"","meta":{"_et_pb_use_builder":"on","_et_pb_old_content":"","_et_gb_content_width":"","footnotes":""},"class_list":["post-131","page","type-page","status-publish","hentry"],"acf":[],"_links":{"self":[{"href":"https:\/\/pudelclub.trendwork.ch\/index.php\/wp-json\/wp\/v2\/pages\/131","targetHints":{"allow":["GET"]}}],"collection":[{"href":"https:\/\/pudelclub.trendwork.ch\/index.php\/wp-json\/wp\/v2\/pages"}],"about":[{"href":"https:\/\/pudelclub.trendwork.ch\/index.php\/wp-json\/wp\/v2\/types\/page"}],"author":[{"embeddable":true,"href":"https:\/\/pudelclub.trendwork.ch\/index.php\/wp-json\/wp\/v2\/users\/1"}],"replies":[{"embeddable":true,"href":"https:\/\/pudelclub.trendwork.ch\/index.php\/wp-json\/wp\/v2\/comments?post=131"}],"version-history":[{"count":13,"href":"https:\/\/pudelclub.trendwork.ch\/index.php\/wp-json\/wp\/v2\/pages\/131\/revisions"}],"predecessor-version":[{"id":455,"href":"https:\/\/pudelclub.trendwork.ch\/index.php\/wp-json\/wp\/v2\/pages\/131\/revisions\/455"}],"wp:attachment":[{"href":"https:\/\/pudelclub.trendwork.ch\/index.php\/wp-json\/wp\/v2\/media?parent=131"}],"curies":[{"name":"wp","href":"https:\/\/api.w.org\/{rel}","templated":true}]}}