{"id":33,"date":"2023-08-13T12:24:09","date_gmt":"2023-08-13T12:24:09","guid":{"rendered":"https:\/\/pudelclub.trendwork.ch\/?page_id=33"},"modified":"2023-09-04T08:40:05","modified_gmt":"2023-09-04T08:40:05","slug":"33-2","status":"publish","type":"page","link":"https:\/\/pudelclub.trendwork.ch\/","title":{"rendered":"Der Pudelclub"},"content":{"rendered":"<p>[et_pb_section fb_built=&#8220;1&#8243; _builder_version=&#8220;4.22.0&#8243; _module_preset=&#8220;default&#8220; global_colors_info=&#8220;{}&#8220;][et_pb_row _builder_version=&#8220;4.22.0&#8243; _module_preset=&#8220;default&#8220; global_colors_info=&#8220;{}&#8220;][et_pb_column type=&#8220;4_4&#8243; _builder_version=&#8220;4.22.0&#8243; _module_preset=&#8220;default&#8220; global_colors_info=&#8220;{}&#8220;][et_pb_image src=&#8220;https:\/\/pudelclub.trendwork.ch\/wp-content\/uploads\/2023\/08\/ARI_1-scaled-1.jpg&#8220; title_text=&#8220;Titelbild_PudelclubbeiderBasel&#8220; _builder_version=&#8220;4.22.0&#8243; _module_preset=&#8220;default&#8220; global_colors_info=&#8220;{}&#8220;][\/et_pb_image][\/et_pb_column][\/et_pb_row][et_pb_row column_structure=&#8220;1_2,1_2&#8243; _builder_version=&#8220;4.22.0&#8243; _module_preset=&#8220;default&#8220; custom_padding=&#8220;||75px|||&#8220; hover_enabled=&#8220;0&#8243; global_colors_info=&#8220;{}&#8220; background_color=&#8220;#FFFFFF&#8220; use_custom_gutter=&#8220;on&#8220; gutter_width=&#8220;4&#8243; min_height=&#8220;502px&#8220; custom_margin=&#8220;10px|auto|181px|auto|false|false&#8220; box_shadow_style=&#8220;preset5&#8243; sticky_enabled=&#8220;0&#8243; box_shadow_color=&#8220;#FFFFFF&#8220; max_width=&#8220;1238px&#8220; width=&#8220;100%&#8220; transform_scale=&#8220;88%|88%&#8220;][et_pb_column type=&#8220;1_2&#8243; _builder_version=&#8220;4.22.0&#8243; _module_preset=&#8220;default&#8220; global_colors_info=&#8220;{}&#8220;][et_pb_cta title=&#8220;Willkommen beim Pudelclub beider Basel&#8220; button_text=&#8220;Klicks&#8220; title_tablet=&#8220;Willkommen beim Pudelclub beider Basel&#8220; title_phone=&#8220;Willkommen beim Pudelclub beider Basel&#8220; title_last_edited=&#8220;on|desktop&#8220; _builder_version=&#8220;4.22.0&#8243; _module_preset=&#8220;default&#8220; header_text_align=&#8220;left&#8220; body_text_color=&#8220;#FFFFFF&#8220; background_color=&#8220;#0a59a8&#8243; width=&#8220;100%&#8220; min_height=&#8220;315px&#8220; height=&#8220;382px&#8220; custom_margin=&#8220;||-118px|||&#8220; custom_padding=&#8220;|41px||||&#8220; hover_enabled=&#8220;0&#8243; box_shadow_style=&#8220;preset1&#8243; global_colors_info=&#8220;{}&#8220; title__hover_enabled=&#8220;on|desktop&#8220; title__hover=&#8220;Willkommen beim Pudelclub beider Basel&#8220; sticky_enabled=&#8220;0&#8243;]<\/p>\n<p style=\"text-align: left;\">Wir sind die Regionalgruppe Basel des Schweizerischen Pudelclubs.<\/p>\n<p style=\"text-align: left;\">Auf den folgenden Seiten informieren wir Sie \u00fcber unseren Club und unsere Aktivit\u00e4ten.<\/p>\n<p style=\"text-align: left;\"><strong>Wir w\u00fcnschen viel Spa\u00df beim St\u00f6bern und freuen uns auf ein pers\u00f6nliches Kennenlernen.<\/strong><\/p>\n<p>[\/et_pb_cta][\/et_pb_column][et_pb_column type=&#8220;1_2&#8243; _builder_version=&#8220;4.22.0&#8243; _module_preset=&#8220;default&#8220; global_colors_info=&#8220;{}&#8220;][et_pb_cta title=&#8220;Verfolgen Sie unsere Aktivit\u00e4ten&#8220; button_text=&#8220;Jetzt entdecken&#8220; title_tablet=&#8220;Willkommen beim Pudelclub beider Basel&#8220; title_phone=&#8220;Verfolgen Sie unsere Aktivit\u00e4ten&#8220; title_last_edited=&#8220;on|desktop&#8220; _builder_version=&#8220;4.22.0&#8243; _module_preset=&#8220;default&#8220; header_text_align=&#8220;left&#8220; body_text_color=&#8220;#FFFFFF&#8220; background_color=&#8220;#0099db&#8220; width=&#8220;100%&#8220; min_height=&#8220;315px&#8220; height=&#8220;387px&#8220; custom_margin=&#8220;130px||-118px||false|false&#8220; custom_padding=&#8220;|41px||||&#8220; hover_enabled=&#8220;0&#8243; box_shadow_style=&#8220;preset1&#8243; global_colors_info=&#8220;{}&#8220; title__hover_enabled=&#8220;on|desktop&#8220; title__hover=&#8220;Willkommen beim Pudelclub beider Basel&#8220; sticky_enabled=&#8220;0&#8243; max_width=&#8220;100%&#8220;]<\/p>\n<p style=\"text-align: left;\">Entdecken Sie spannende Events, aufregende Ausfl\u00fcge und interessante Webinare in der Regionalgruppe Basel des Schweizerischen Pudelclubs. Wir bieten Ihnen die M\u00f6glichkeit, sich aktiv mit anderen Pudelliebhabern auszutauschen und gemeinsam unvergessliche Momente zu erleben. Werden Sie Teil unserer Pudelfamilie und verpassen Sie keine unserer aufregenden Aktivit\u00e4ten mehr. Werden Sie Mitglied und tauchen Sie ein in die faszinierende Welt der pudeligen Abenteuer!<\/p>\n<p style=\"text-align: left;\">[\/et_pb_cta][\/et_pb_column][\/et_pb_row][et_pb_row column_structure=&#8220;1_3,1_3,1_3&#8243; _builder_version=&#8220;4.22.0&#8243; _module_preset=&#8220;default&#8220; global_colors_info=&#8220;{}&#8220; min_height=&#8220;58.6px&#8220;][et_pb_column type=&#8220;1_3&#8243; _builder_version=&#8220;4.22.0&#8243; _module_preset=&#8220;default&#8220; global_colors_info=&#8220;{}&#8220;][\/et_pb_column][et_pb_column _builder_version=&#8220;4.22.0&#8243; _module_preset=&#8220;default&#8220; type=&#8220;1_3&#8243;][\/et_pb_column][et_pb_column type=&#8220;1_3&#8243; _builder_version=&#8220;4.22.0&#8243; _module_preset=&#8220;default&#8220; global_colors_info=&#8220;{}&#8220;][et_pb_button button_url=&#8220;http:\/\/www.pudel-spc.ch\/pudel.asp?s=907&#038;l=de&#8220; url_new_window=&#8220;on&#8220; button_text=&#8220;Mitglied werden&#8220; button_alignment=&#8220;right&#8220; _builder_version=&#8220;4.22.0&#8243; _module_preset=&#8220;default&#8220; box_shadow_style=&#8220;preset1&#8243; global_colors_info=&#8220;{}&#8220;][\/et_pb_button][\/et_pb_column][\/et_pb_row][\/et_pb_section]<\/p>\n","protected":false},"excerpt":{"rendered":"<p>Wir sind die Regionalgruppe Basel des Schweizerischen Pudelclubs. Auf den folgenden Seiten informieren wir Sie \u00fcber unseren Club und unsere Aktivit\u00e4ten. Wir w\u00fcnschen viel Spa\u00df beim St\u00f6bern und freuen uns [&hellip;]<\/p>\n","protected":false},"author":1,"featured_media":0,"parent":0,"menu_order":0,"comment_status":"closed","ping_status":"closed","template":"","meta":{"_et_pb_use_builder":"on","_et_pb_old_content":"","_et_gb_content_width":"","footnotes":""},"class_list":["post-33","page","type-page","status-publish","hentry"],"acf":[],"_links":{"self":[{"href":"https:\/\/pudelclub.trendwork.ch\/index.php\/wp-json\/wp\/v2\/pages\/33","targetHints":{"allow":["GET"]}}],"collection":[{"href":"https:\/\/pudelclub.trendwork.ch\/index.php\/wp-json\/wp\/v2\/pages"}],"about":[{"href":"https:\/\/pudelclub.trendwork.ch\/index.php\/wp-json\/wp\/v2\/types\/page"}],"author":[{"embeddable":true,"href":"https:\/\/pudelclub.trendwork.ch\/index.php\/wp-json\/wp\/v2\/users\/1"}],"replies":[{"embeddable":true,"href":"https:\/\/pudelclub.trendwork.ch\/index.php\/wp-json\/wp\/v2\/comments?post=33"}],"version-history":[{"count":35,"href":"https:\/\/pudelclub.trendwork.ch\/index.php\/wp-json\/wp\/v2\/pages\/33\/revisions"}],"predecessor-version":[{"id":426,"href":"https:\/\/pudelclub.trendwork.ch\/index.php\/wp-json\/wp\/v2\/pages\/33\/revisions\/426"}],"wp:attachment":[{"href":"https:\/\/pudelclub.trendwork.ch\/index.php\/wp-json\/wp\/v2\/media?parent=33"}],"curies":[{"name":"wp","href":"https:\/\/api.w.org\/{rel}","templated":true}]}}